{"id":13960,"date":"2025-01-13T20:46:12","date_gmt":"2025-01-13T19:46:12","guid":{"rendered":""},"modified":"2025-01-14T11:32:05","modified_gmt":"2025-01-14T10:32:05","slug":"solight-6z-predlzovaci-privod-2m-3-x-1mm2-biely-61-vypinac","status":"publish","type":"product","link":"https:\/\/naby.sk\/index.php\/produkt\/solight-6z-predlzovaci-privod-2m-3-x-1mm2-biely-61-vypinac\/","title":{"rendered":"Solight 6z predl\u017eovac\u00ed pr\u00edvod, 2m, 3 x 1mm2, biely, 6+1 vyp\u00edna\u010d"},"content":{"rendered":"<p><UL><br \/>\n<LI> Predl\u017eovac\u00ed pr\u00edvod so samostatn\u00fdmi vyp\u00edna\u010dmi pre ka\u017ed\u00fa z\u00e1suvku. Plus centr\u00e1lny vyp\u00edna\u010d ovl\u00e1da v\u0161etky z\u00e1suvky naraz. Resetovate\u013en\u00fd isti\u010d pri pre\u0165a\u017een\u00ed z\u00e1suvkov\u00e9ho po\u013ea preru\u0161\u00ed nap\u00e1janie. Potom je mo\u017en\u00e9 predl\u017eovac\u00ed pr\u00edvod op\u00e4\u0165 sprev\u00e1dzkova\u0165.<\/LI><br \/>\n<LI> 6 z\u00e1suviek 10A, max. 2300W, detsk\u00e9 poistky<\/LI><br \/>\n<LI> 6 individu\u00e1lnych vyp\u00edna\u010dov pre ka\u017ed\u00fa z\u00e1suvku zvl\u00e1\u0161\u0165<\/LI><br \/>\n<LI> 1 spolo\u010dn\u00fd vyp\u00edna\u010d v\u0161etk\u00fdch z\u00e1suviek<\/LI><br \/>\n<LI> v\u0161etky vyp\u00edna\u010de s\u00fa podsvieten\u00e9<\/LI><br \/>\n<LI> resetovate\u013en\u00fd isti\u010d na ochranu proti pre\u0165a\u017eeniu<\/LI><br \/>\n<LI> PVC k\u00e1bel 2m, typ H05VV-F 3G 1mm2, uhlov\u00e1 vidlica<\/LI><br \/>\n<LI> farba: biela<\/LI><br \/>\n<\/UL><\/p>\n","protected":false},"excerpt":{"rendered":"<p>Predl\u017eovac\u00ed pr\u00edvod so samostatn\u00fdmi vyp\u00edna\u010dmi pre ka\u017ed\u00fa z\u00e1suvku. Plus centr\u00e1lny vyp\u00edna\u010d ovl\u00e1da v\u0161etky z\u00e1suvky naraz. Resetovate\u013en\u00fd isti\u010d pri pre\u0165a\u017een\u00ed z\u00e1suvkov\u00e9ho po\u013ea preru\u0161\u00ed nap\u00e1janie. Potom je mo\u017en\u00e9 predl\u017eovac\u00ed pr\u00edvod op\u00e4\u0165 sprev\u00e1dzkova\u0165. 6 z\u00e1suviek 10A, max. 2300W, detsk\u00e9 poistky 6 individu\u00e1lnych vyp\u00edna\u010dov pre ka\u017ed\u00fa z\u00e1suvku zvl\u00e1\u0161\u0165 1 spolo\u010dn\u00fd vyp\u00edna\u010d v\u0161etk\u00fdch z\u00e1suviek v\u0161etky vyp\u00edna\u010de s\u00fa podsvieten\u00e9 resetovate\u013en\u00fd isti\u010d [&hellip;]<\/p>\n","protected":false},"featured_media":13967,"comment_status":"open","ping_status":"closed","template":"","meta":[],"product_cat":[155],"product_tag":[],"class_list":{"0":"post-13960","1":"product","2":"type-product","3":"status-publish","4":"has-post-thumbnail","6":"product_cat-ostatne","8":"first","9":"instock","10":"shipping-taxable","11":"purchasable","12":"product-type-simple"},"_links":{"self":[{"href":"https:\/\/naby.sk\/index.php\/wp-json\/wp\/v2\/product\/13960","targetHints":{"allow":["GET"]}}],"collection":[{"href":"https:\/\/naby.sk\/index.php\/wp-json\/wp\/v2\/product"}],"about":[{"href":"https:\/\/naby.sk\/index.php\/wp-json\/wp\/v2\/types\/product"}],"replies":[{"embeddable":true,"href":"https:\/\/naby.sk\/index.php\/wp-json\/wp\/v2\/comments?post=13960"}],"wp:featuredmedia":[{"embeddable":true,"href":"https:\/\/naby.sk\/index.php\/wp-json\/wp\/v2\/media\/13967"}],"wp:attachment":[{"href":"https:\/\/naby.sk\/index.php\/wp-json\/wp\/v2\/media?parent=13960"}],"wp:term":[{"taxonomy":"product_cat","embeddable":true,"href":"https:\/\/naby.sk\/index.php\/wp-json\/wp\/v2\/product_cat?post=13960"},{"taxonomy":"product_tag","embeddable":true,"href":"https:\/\/naby.sk\/index.php\/wp-json\/wp\/v2\/product_tag?post=13960"}],"curies":[{"name":"wp","href":"https:\/\/api.w.org\/{rel}","templated":true}]}}