{"id":13923,"date":"2025-01-13T20:46:02","date_gmt":"2025-01-13T19:46:02","guid":{"rendered":""},"modified":"2025-01-14T11:32:04","modified_gmt":"2025-01-14T10:32:04","slug":"solight-vianocna-retaz-medena-50x-mini-led-5m-3-x-aa-teple-svetlo","status":"publish","type":"product","link":"https:\/\/naby.sk\/index.php\/produkt\/solight-vianocna-retaz-medena-50x-mini-led-5m-3-x-aa-teple-svetlo\/","title":{"rendered":"Solight viano\u010dn\u00e1 re\u0165az meden\u00e1, 50x mini LED, 5m, 3 x AA, tepl\u00e9 svetlo"},"content":{"rendered":"<p><UL><br \/>\n<LI> LED re\u0165az s meden\u00fdm r\u00f4tikom<\/LI><br \/>\n<LI> po\u010det LED di\u00f3d: 50<\/LI><br \/>\n<LI> farba svetla: tepl\u00e1 biela (\u017elut\u00e1)<\/LI><br \/>\n<LI> nap\u00e1janie: 3x AA bat\u00e9rie (nie s\u00fa s\u00fa\u010das\u0165ou)<\/LI><br \/>\n<LI> mo\u017enos\u0165 zap\u00ednania \u010dasova\u010dom<\/LI><br \/>\n<LI> \u010dasova\u010d po 6hod. svetlo vypne a po 18hod. znovu automaticky zapne<\/LI><br \/>\n<LI> nap\u00e1janie: 3x AA bat\u00e9rie (nie s\u00fa s\u00fa\u010das\u0165ou)<\/LI><br \/>\n<LI> v\u00fddr\u017e bat\u00e9ri\u00ed: cca 120hod. (v z\u00e1vislosti na kvalite bat\u00e9ri\u00ed)<\/LI><br \/>\n<LI> stupe\u0148 krytia: IP20 (vn\u00fatorn\u00e9 pou\u017eitie)<\/LI><br \/>\n<LI> d\u013a\u017eka: 5m<\/LI><br \/>\n<LI> farba: meden\u00e1<\/LI><br \/>\n<LI> balenie: PVC krabice<\/LI><br \/>\n<\/UL><\/p>\n","protected":false},"excerpt":{"rendered":"<p>LED re\u0165az s meden\u00fdm r\u00f4tikom po\u010det LED di\u00f3d: 50 farba svetla: tepl\u00e1 biela (\u017elut\u00e1) nap\u00e1janie: 3x AA bat\u00e9rie (nie s\u00fa s\u00fa\u010das\u0165ou) mo\u017enos\u0165 zap\u00ednania \u010dasova\u010dom \u010dasova\u010d po 6hod. svetlo vypne a po 18hod. znovu automaticky zapne nap\u00e1janie: 3x AA bat\u00e9rie (nie s\u00fa s\u00fa\u010das\u0165ou) v\u00fddr\u017e bat\u00e9ri\u00ed: cca 120hod. (v z\u00e1vislosti na kvalite bat\u00e9ri\u00ed) stupe\u0148 krytia: IP20 (vn\u00fatorn\u00e9 [&hellip;]<\/p>\n","protected":false},"featured_media":13928,"comment_status":"open","ping_status":"closed","template":"","meta":[],"product_cat":[213],"product_tag":[],"class_list":{"0":"post-13923","1":"product","2":"type-product","3":"status-publish","4":"has-post-thumbnail","6":"product_cat-bateriove","8":"first","9":"instock","10":"shipping-taxable","11":"purchasable","12":"product-type-simple"},"_links":{"self":[{"href":"https:\/\/naby.sk\/index.php\/wp-json\/wp\/v2\/product\/13923","targetHints":{"allow":["GET"]}}],"collection":[{"href":"https:\/\/naby.sk\/index.php\/wp-json\/wp\/v2\/product"}],"about":[{"href":"https:\/\/naby.sk\/index.php\/wp-json\/wp\/v2\/types\/product"}],"replies":[{"embeddable":true,"href":"https:\/\/naby.sk\/index.php\/wp-json\/wp\/v2\/comments?post=13923"}],"wp:featuredmedia":[{"embeddable":true,"href":"https:\/\/naby.sk\/index.php\/wp-json\/wp\/v2\/media\/13928"}],"wp:attachment":[{"href":"https:\/\/naby.sk\/index.php\/wp-json\/wp\/v2\/media?parent=13923"}],"wp:term":[{"taxonomy":"product_cat","embeddable":true,"href":"https:\/\/naby.sk\/index.php\/wp-json\/wp\/v2\/product_cat?post=13923"},{"taxonomy":"product_tag","embeddable":true,"href":"https:\/\/naby.sk\/index.php\/wp-json\/wp\/v2\/product_tag?post=13923"}],"curies":[{"name":"wp","href":"https:\/\/api.w.org\/{rel}","templated":true}]}}