{"id":13814,"date":"2025-01-13T20:45:38","date_gmt":"2025-01-13T19:45:38","guid":{"rendered":""},"modified":"2025-01-14T11:32:02","modified_gmt":"2025-01-14T10:32:02","slug":"solight-4z-predlzovaci-privod-2m-3-x-1mm2-biely-vypinac","status":"publish","type":"product","link":"https:\/\/naby.sk\/index.php\/produkt\/solight-4z-predlzovaci-privod-2m-3-x-1mm2-biely-vypinac\/","title":{"rendered":"Solight 4z predl\u017eovac\u00ed pr\u00edvod, 2m, 3 x 1mm2, biely, vyp\u00edna\u010d"},"content":{"rendered":"<p><UL><br \/>\n<LI> Predl\u017eovac\u00ed pr\u00edvod s kruhov\u00fdm z\u00e1suvkov\u00fdm po\u013eom pre dom\u00e1cnos\u0165 i kancel\u00e1riu. K\u00e1bel je mo\u017en\u00e9 navin\u00fa\u0165 na podstavec na uschovanie nevyu\u017eitej d\u013a\u017eky alebo navin\u00fa\u0165 cel\u00fd pri skladovan\u00ed. Podstavec zais\u0165uje stabilitu a je mo\u017en\u00e9 ho pripevni\u0165 do pracovnej dosky alebo na stenu v\u010faka mont\u00e1\u017enemu \u00fachytu. Podsvieten\u00fd vyp\u00edna\u010d ovl\u00e1da v\u0161etky z\u00e1suvky.<\/LI><br \/>\n<LI> z\u00e1suvky 4x 10A, max. 2300W, detsk\u00e9 poistky<\/LI><br \/>\n<LI> dr\u017eiak pre \u013eahk\u00e9 nav\u00edjanie k\u00e1bla, \u00fachyt pre mont\u00e1\u017e na stenu<\/LI><br \/>\n<LI> podsvieten\u00fd vyp\u00edna\u010d v\u0161etk\u00fdch z\u00e1suviek<\/LI><br \/>\n<LI> PVC k\u00e1bel 2m, typ H05VV-F 3G 1mm2, uhlov\u00e1 vidlica<\/LI><br \/>\n<LI> farba: biela<\/LI><br \/>\n<\/UL><\/p>\n","protected":false},"excerpt":{"rendered":"<p>Predl\u017eovac\u00ed pr\u00edvod s kruhov\u00fdm z\u00e1suvkov\u00fdm po\u013eom pre dom\u00e1cnos\u0165 i kancel\u00e1riu. K\u00e1bel je mo\u017en\u00e9 navin\u00fa\u0165 na podstavec na uschovanie nevyu\u017eitej d\u013a\u017eky alebo navin\u00fa\u0165 cel\u00fd pri skladovan\u00ed. Podstavec zais\u0165uje stabilitu a je mo\u017en\u00e9 ho pripevni\u0165 do pracovnej dosky alebo na stenu v\u010faka mont\u00e1\u017enemu \u00fachytu. Podsvieten\u00fd vyp\u00edna\u010d ovl\u00e1da v\u0161etky z\u00e1suvky. z\u00e1suvky 4x 10A, max. 2300W, detsk\u00e9 poistky dr\u017eiak [&hellip;]<\/p>\n","protected":false},"featured_media":13821,"comment_status":"open","ping_status":"closed","template":"","meta":[],"product_cat":[155],"product_tag":[],"class_list":{"0":"post-13814","1":"product","2":"type-product","3":"status-publish","4":"has-post-thumbnail","6":"product_cat-ostatne","8":"first","9":"instock","10":"shipping-taxable","11":"purchasable","12":"product-type-simple"},"_links":{"self":[{"href":"https:\/\/naby.sk\/index.php\/wp-json\/wp\/v2\/product\/13814","targetHints":{"allow":["GET"]}}],"collection":[{"href":"https:\/\/naby.sk\/index.php\/wp-json\/wp\/v2\/product"}],"about":[{"href":"https:\/\/naby.sk\/index.php\/wp-json\/wp\/v2\/types\/product"}],"replies":[{"embeddable":true,"href":"https:\/\/naby.sk\/index.php\/wp-json\/wp\/v2\/comments?post=13814"}],"wp:featuredmedia":[{"embeddable":true,"href":"https:\/\/naby.sk\/index.php\/wp-json\/wp\/v2\/media\/13821"}],"wp:attachment":[{"href":"https:\/\/naby.sk\/index.php\/wp-json\/wp\/v2\/media?parent=13814"}],"wp:term":[{"taxonomy":"product_cat","embeddable":true,"href":"https:\/\/naby.sk\/index.php\/wp-json\/wp\/v2\/product_cat?post=13814"},{"taxonomy":"product_tag","embeddable":true,"href":"https:\/\/naby.sk\/index.php\/wp-json\/wp\/v2\/product_tag?post=13814"}],"curies":[{"name":"wp","href":"https:\/\/api.w.org\/{rel}","templated":true}]}}