{"id":13811,"date":"2025-01-13T20:45:36","date_gmt":"2025-01-13T19:45:36","guid":{"rendered":""},"modified":"2025-01-14T11:32:02","modified_gmt":"2025-01-14T10:32:02","slug":"solight-led-napajaci-zdroj-230v-24v-417a-100w-ip20","status":"publish","type":"product","link":"https:\/\/naby.sk\/index.php\/produkt\/solight-led-napajaci-zdroj-230v-24v-417a-100w-ip20\/","title":{"rendered":"Solight LED nap\u00e1jac\u00ed zdroj, 230V &#8211; 24V, 4,17A, 100W, IP20"},"content":{"rendered":"<p>Zaistite stabiln\u00e9 a bezpe\u010dn\u00e9 nap\u00e1janie LED p\u00e1sok a sveteln\u00fdch zdrojov s nap\u00e1jac\u00edm zdrojom 24V. Tento v\u00fdkonn\u00fd zdroj s maxim\u00e1lnym v\u00fdkonom 100W a pr\u00fadom 4170mA garantuje spo\u013eahliv\u00e9 nap\u00e1janie pre \u0161irok\u00e9 spektrum.<\/p>\n<p>V\u010faka presn\u00e9mu a stabiln\u00e9mu v\u00fdstupn\u00edmu nap\u00e4tiu 24V zabezpe\u010duje efekt\u00edvny a bezprobl\u00e9mov\u00fd chod LED p\u00e1sikov. Ochrana proti p\u0159ep\u011bt\u00ed, skratu a automatick\u00e1 pr\u00fadov\u00e1 ochrana chr\u00e1ni pripojen\u00e9 zariadenie. Po odstr\u00e1nen\u00ed poruchy sa automaticky obnov\u00ed.<\/p>\n<p>Hlin\u00edkov\u00fd pl\u00e1\u0161\u0165 zaru\u010duje odolnos\u0165 a optim\u00e1ln\u00ed odvod tepla. Se stup\u0148om krytia IP20 je vhodn\u00fd pre vn\u00fatorn\u00fa in\u0161tal\u00e1ciu. Rozmery 170 x 48 x 28 mm umo\u017e\u0148uje jednoduchou integr\u00e1ciu do r\u00f4znych priestorov.<\/p>\n<p>Nap\u00e1jac\u00ed zdroj je vybaven\u00fd EMI filtrom, ktor\u00fd tvor\u00ed elektromagnetick\u00e9 ru\u0161enie. S pracovn\u00fdm teplotn\u00fdm rozsahom -20\u00b0C a\u017e +60\u00b0C zost\u00e1va spo\u013eahliv\u00fd aj v n\u00e1ro\u010dn\u00fdch podmienkach.<\/p>\n<p><UL><br \/>\n<LI> nap\u00e1jac\u00ed zdroj ur\u010den\u00fd pre 24V LED p\u00e1sky a zdroje svetla<\/LI><br \/>\n<LI> stupe\u0148 krytia IP20<\/LI><br \/>\n<LI> nap\u00e1jac\u00ed pr\u00fad 4170mA<\/LI><br \/>\n<LI> vstup: 220 &#8211; 240V, 50\/60Hz<\/LI><br \/>\n<LI> v\u00fdstup: 24V<\/LI><br \/>\n<LI> max. 100W<\/LI><br \/>\n<LI> automatick\u00e1 pr\u00fadov\u00e1 ochrana, ochrana proti prep\u00e4tiu a skratu<\/LI><br \/>\n<LI> po odstr\u00e1nen\u00ed vy\u0161\u0161ie uveden\u00fdch por\u00fach sa op\u00e4\u0165 automaticky zopne<\/LI><br \/>\n<LI> presn\u00e9 a stabiln\u00e9 v\u00fdstupn\u00e9 nap\u00e4tie<\/LI><br \/>\n<LI> EMI filter<\/LI><br \/>\n<LI> pracovn\u00e1 teplota: -20 a\u017e +60 \u00b0C<\/LI><br \/>\n<LI> materi\u00e1l: hlin\u00edk<\/LI><br \/>\n<LI> rozmery: 170x48x28mm<\/LI><br \/>\n<LI> farba: strieborn\u00e1<\/LI><br \/>\n<\/UL><\/p>\n","protected":false},"excerpt":{"rendered":"<p>Zaistite stabiln\u00e9 a bezpe\u010dn\u00e9 nap\u00e1janie LED p\u00e1sok a sveteln\u00fdch zdrojov s nap\u00e1jac\u00edm zdrojom 24V. Tento v\u00fdkonn\u00fd zdroj s maxim\u00e1lnym v\u00fdkonom 100W a pr\u00fadom 4170mA garantuje spo\u013eahliv\u00e9 nap\u00e1janie pre \u0161irok\u00e9 spektrum. V\u010faka presn\u00e9mu a stabiln\u00e9mu v\u00fdstupn\u00edmu nap\u00e4tiu 24V zabezpe\u010duje efekt\u00edvny a bezprobl\u00e9mov\u00fd chod LED p\u00e1sikov. Ochrana proti p\u0159ep\u011bt\u00ed, skratu a automatick\u00e1 pr\u00fadov\u00e1 ochrana chr\u00e1ni pripojen\u00e9 zariadenie. [&hellip;]<\/p>\n","protected":false},"featured_media":13812,"comment_status":"open","ping_status":"closed","template":"","meta":[],"product_cat":[157],"product_tag":[],"class_list":{"0":"post-13811","1":"product","2":"type-product","3":"status-publish","4":"has-post-thumbnail","6":"product_cat-napajacie-zdroje-12v","8":"first","9":"instock","10":"shipping-taxable","11":"purchasable","12":"product-type-simple"},"_links":{"self":[{"href":"https:\/\/naby.sk\/index.php\/wp-json\/wp\/v2\/product\/13811","targetHints":{"allow":["GET"]}}],"collection":[{"href":"https:\/\/naby.sk\/index.php\/wp-json\/wp\/v2\/product"}],"about":[{"href":"https:\/\/naby.sk\/index.php\/wp-json\/wp\/v2\/types\/product"}],"replies":[{"embeddable":true,"href":"https:\/\/naby.sk\/index.php\/wp-json\/wp\/v2\/comments?post=13811"}],"wp:featuredmedia":[{"embeddable":true,"href":"https:\/\/naby.sk\/index.php\/wp-json\/wp\/v2\/media\/13812"}],"wp:attachment":[{"href":"https:\/\/naby.sk\/index.php\/wp-json\/wp\/v2\/media?parent=13811"}],"wp:term":[{"taxonomy":"product_cat","embeddable":true,"href":"https:\/\/naby.sk\/index.php\/wp-json\/wp\/v2\/product_cat?post=13811"},{"taxonomy":"product_tag","embeddable":true,"href":"https:\/\/naby.sk\/index.php\/wp-json\/wp\/v2\/product_tag?post=13811"}],"curies":[{"name":"wp","href":"https:\/\/api.w.org\/{rel}","templated":true}]}}