{"id":13744,"date":"2025-01-13T20:45:17","date_gmt":"2025-01-13T19:45:17","guid":{"rendered":""},"modified":"2025-01-14T11:32:01","modified_gmt":"2025-01-14T10:32:01","slug":"solight-bezdrotova-nabijacka-do-auta-qi-15w-s-automatickym-uchytenim","status":"publish","type":"product","link":"https:\/\/naby.sk\/index.php\/produkt\/solight-bezdrotova-nabijacka-do-auta-qi-15w-s-automatickym-uchytenim\/","title":{"rendered":"Solight bezdr\u00f4tov\u00e1 nab\u00edja\u010dka do auta Qi 15W s automatick\u00fdm uchyten\u00edm"},"content":{"rendered":"<p><UL><br \/>\n<LI> Qi bezdr\u00f4tov\u00e9 nab\u00edjanie do auta s maxim\u00e1lnym v\u00fdkonom 15W<\/LI><br \/>\n<LI> automatick\u00e9 uchytenie telef\u00f3nu pri jeho vlo\u017een\u00ed do dr\u017eiaka<\/LI><br \/>\n<LI> automatick\u00e1 detekcia bezdr\u00f4tov\u00e9ho nab\u00edjania<\/LI><br \/>\n<LI> \u013eahk\u00e9 otvorenie dr\u017eiaka pomocou tla\u010didla aj po vypnut\u00ed zapa\u013eovania vozidla v\u010faka superkondenz\u00e1toru<\/LI><br \/>\n<LI> kompatibiln\u00fd s Qi zariadeniami<\/LI><br \/>\n<LI> ur\u010den\u00e9 pre telef\u00f3ny s origin\u00e1lnym bezdr\u00f4tov\u00fdm nab\u00edjan\u00edm<\/LI><br \/>\n<LI> nap\u00e1janie: DC 12V\/1.5 A; 9V\/1.8A; 5V\/2A.<\/LI><br \/>\n<LI> nab\u00edjac\u00ed v\u00fdkon: 15W-10W-5W<\/LI><br \/>\n<LI> prep\u00e4\u0165ov\u00e1 ochrana, nadpr\u00fadov\u00e1 ochrana, tepeln\u00e1 ochrana, ochrana proti skratu<\/LI><br \/>\n<LI> nab\u00edjacia vzdialenos\u0165: 4-10mm<\/LI><br \/>\n<LI> frekvencia nap\u00e1jania: 110-205kHz<\/LI><br \/>\n<LI> s\u00fa\u010das\u0165ou balenia: k\u00e1bel 1m s koncovkami USB-A a USB-C; dr\u017eiak do ventil\u00e1cie<\/LI><br \/>\n<LI> \u00fa\u010dinnos\u0165 nab\u00edjania: cca 80%<\/LI><br \/>\n<LI> rozmery: 115 * 70 * 55mm<\/LI><br \/>\n<\/UL><\/p>\n","protected":false},"excerpt":{"rendered":"<p>Qi bezdr\u00f4tov\u00e9 nab\u00edjanie do auta s maxim\u00e1lnym v\u00fdkonom 15W automatick\u00e9 uchytenie telef\u00f3nu pri jeho vlo\u017een\u00ed do dr\u017eiaka automatick\u00e1 detekcia bezdr\u00f4tov\u00e9ho nab\u00edjania \u013eahk\u00e9 otvorenie dr\u017eiaka pomocou tla\u010didla aj po vypnut\u00ed zapa\u013eovania vozidla v\u010faka superkondenz\u00e1toru kompatibiln\u00fd s Qi zariadeniami ur\u010den\u00e9 pre telef\u00f3ny s origin\u00e1lnym bezdr\u00f4tov\u00fdm nab\u00edjan\u00edm nap\u00e1janie: DC 12V\/1.5 A; 9V\/1.8A; 5V\/2A. nab\u00edjac\u00ed v\u00fdkon: 15W-10W-5W prep\u00e4\u0165ov\u00e1 ochrana, [&hellip;]<\/p>\n","protected":false},"featured_media":13755,"comment_status":"open","ping_status":"closed","template":"","meta":[],"product_cat":[300],"product_tag":[],"class_list":{"0":"post-13744","1":"product","2":"type-product","3":"status-publish","4":"has-post-thumbnail","6":"product_cat-nabijacie-drziaky-do-auta","8":"first","9":"instock","10":"shipping-taxable","11":"purchasable","12":"product-type-simple"},"_links":{"self":[{"href":"https:\/\/naby.sk\/index.php\/wp-json\/wp\/v2\/product\/13744","targetHints":{"allow":["GET"]}}],"collection":[{"href":"https:\/\/naby.sk\/index.php\/wp-json\/wp\/v2\/product"}],"about":[{"href":"https:\/\/naby.sk\/index.php\/wp-json\/wp\/v2\/types\/product"}],"replies":[{"embeddable":true,"href":"https:\/\/naby.sk\/index.php\/wp-json\/wp\/v2\/comments?post=13744"}],"wp:featuredmedia":[{"embeddable":true,"href":"https:\/\/naby.sk\/index.php\/wp-json\/wp\/v2\/media\/13755"}],"wp:attachment":[{"href":"https:\/\/naby.sk\/index.php\/wp-json\/wp\/v2\/media?parent=13744"}],"wp:term":[{"taxonomy":"product_cat","embeddable":true,"href":"https:\/\/naby.sk\/index.php\/wp-json\/wp\/v2\/product_cat?post=13744"},{"taxonomy":"product_tag","embeddable":true,"href":"https:\/\/naby.sk\/index.php\/wp-json\/wp\/v2\/product_tag?post=13744"}],"curies":[{"name":"wp","href":"https:\/\/api.w.org\/{rel}","templated":true}]}}