{"id":13731,"date":"2025-01-13T20:45:13","date_gmt":"2025-01-13T19:45:13","guid":{"rendered":""},"modified":"2025-01-14T11:32:01","modified_gmt":"2025-01-14T10:32:01","slug":"solight-cestovny-adapter-pre-pouzitie-vo-svajciarsku-typ-j","status":"publish","type":"product","link":"https:\/\/naby.sk\/index.php\/produkt\/solight-cestovny-adapter-pre-pouzitie-vo-svajciarsku-typ-j\/","title":{"rendered":"Solight cestovn\u00fd adapt\u00e9r pre pou\u017eitie vo \u0160vaj\u010diarsku, typ J"},"content":{"rendered":"<p><UL><br \/>\n<LI> cestovn\u00fd adapt\u00e9r s uzemnen\u00edm<\/LI><br \/>\n<LI> pre obyvate\u013eov Eur\u00f3py nav\u0161tevuj\u00faci \u0160vaj\u010diarsko, z\u00e1suvky typu J<\/LI><br \/>\n<LI> Schuko uzemn\u011bn\u00ed z\u00e1suvky, pou\u017eiteln\u00e9 pro univerz\u00e1ln\u00ed vidlice typu E\/F<\/LI><br \/>\n<LI> vhodn\u00e9 i pro spot\u0159ebi\u010de s neuzemn\u011bnou 2-kol\u00edkovou vidlic\u00ed typu C<\/LI><br \/>\n<LI> bezpe\u010dn\u00e1 konstrukce, z\u00e1suvka s d\u011btsk\u00fdmi pojistkami<\/LI><br \/>\n<LI> adapt\u00e9r nem\u011bn\u00ed nap\u011bt\u00ed ani jin\u00e9 elektrick\u00e9 parametry<\/LI><br \/>\n<LI> 100V &#8211; 250V \/ max. 10A, max. 2300W \/ 230V<\/LI><br \/>\n<LI> farba: biela<\/LI><br \/>\n<\/UL><\/p>\n","protected":false},"excerpt":{"rendered":"<p>cestovn\u00fd adapt\u00e9r s uzemnen\u00edm pre obyvate\u013eov Eur\u00f3py nav\u0161tevuj\u00faci \u0160vaj\u010diarsko, z\u00e1suvky typu J Schuko uzemn\u011bn\u00ed z\u00e1suvky, pou\u017eiteln\u00e9 pro univerz\u00e1ln\u00ed vidlice typu E\/F vhodn\u00e9 i pro spot\u0159ebi\u010de s neuzemn\u011bnou 2-kol\u00edkovou vidlic\u00ed typu C bezpe\u010dn\u00e1 konstrukce, z\u00e1suvka s d\u011btsk\u00fdmi pojistkami adapt\u00e9r nem\u011bn\u00ed nap\u011bt\u00ed ani jin\u00e9 elektrick\u00e9 parametry 100V &#8211; 250V \/ max. 10A, max. 2300W \/ 230V farba: [&hellip;]<\/p>\n","protected":false},"featured_media":13738,"comment_status":"open","ping_status":"closed","template":"","meta":[],"product_cat":[162],"product_tag":[],"class_list":{"0":"post-13731","1":"product","2":"type-product","3":"status-publish","4":"has-post-thumbnail","6":"product_cat-cestovne-adaptery","8":"first","9":"instock","10":"shipping-taxable","11":"purchasable","12":"product-type-simple"},"_links":{"self":[{"href":"https:\/\/naby.sk\/index.php\/wp-json\/wp\/v2\/product\/13731","targetHints":{"allow":["GET"]}}],"collection":[{"href":"https:\/\/naby.sk\/index.php\/wp-json\/wp\/v2\/product"}],"about":[{"href":"https:\/\/naby.sk\/index.php\/wp-json\/wp\/v2\/types\/product"}],"replies":[{"embeddable":true,"href":"https:\/\/naby.sk\/index.php\/wp-json\/wp\/v2\/comments?post=13731"}],"wp:featuredmedia":[{"embeddable":true,"href":"https:\/\/naby.sk\/index.php\/wp-json\/wp\/v2\/media\/13738"}],"wp:attachment":[{"href":"https:\/\/naby.sk\/index.php\/wp-json\/wp\/v2\/media?parent=13731"}],"wp:term":[{"taxonomy":"product_cat","embeddable":true,"href":"https:\/\/naby.sk\/index.php\/wp-json\/wp\/v2\/product_cat?post=13731"},{"taxonomy":"product_tag","embeddable":true,"href":"https:\/\/naby.sk\/index.php\/wp-json\/wp\/v2\/product_tag?post=13731"}],"curies":[{"name":"wp","href":"https:\/\/api.w.org\/{rel}","templated":true}]}}