{"id":13523,"date":"2025-01-13T20:44:25","date_gmt":"2025-01-13T19:44:25","guid":{"rendered":""},"modified":"2025-01-14T11:31:59","modified_gmt":"2025-01-14T10:31:59","slug":"solight-casovy-spinac-vonkajsi-24-h-1-rezim","status":"publish","type":"product","link":"https:\/\/naby.sk\/index.php\/produkt\/solight-casovy-spinac-vonkajsi-24-h-1-rezim\/","title":{"rendered":"Solight \u010dasov\u00fd sp\u00edna\u010d, vonkaj\u0161\u00ed, 24 h., 1 re\u017eim"},"content":{"rendered":"<p><UL><br \/>\n<LI>rozp\u00e4tie 24hod., min. \u010dasov\u00fd \u00fasek 15min.<\/LI><br \/>\n<LI>mechanick\u00fd<\/LI><br \/>\n<LI>detsk\u00e1 poistka<\/LI><br \/>\n<LI>230V\/16A, 50Hz<\/LI><br \/>\n<LI>krytka z\u00e1suvky + gumov\u00e9 tesnenie<\/LI><br \/>\n<LI>vode odoln\u00e1 ochrana IP44<\/LI><br \/>\n<\/UL><\/p>\n","protected":false},"excerpt":{"rendered":"<p>rozp\u00e4tie 24hod., min. \u010dasov\u00fd \u00fasek 15min. mechanick\u00fd detsk\u00e1 poistka 230V\/16A, 50Hz krytka z\u00e1suvky + gumov\u00e9 tesnenie vode odoln\u00e1 ochrana IP44<\/p>\n","protected":false},"featured_media":13534,"comment_status":"open","ping_status":"closed","template":"","meta":[],"product_cat":[163],"product_tag":[],"class_list":{"0":"post-13523","1":"product","2":"type-product","3":"status-publish","4":"has-post-thumbnail","6":"product_cat-casove-spinace","8":"first","9":"instock","10":"shipping-taxable","11":"purchasable","12":"product-type-simple"},"_links":{"self":[{"href":"https:\/\/naby.sk\/index.php\/wp-json\/wp\/v2\/product\/13523","targetHints":{"allow":["GET"]}}],"collection":[{"href":"https:\/\/naby.sk\/index.php\/wp-json\/wp\/v2\/product"}],"about":[{"href":"https:\/\/naby.sk\/index.php\/wp-json\/wp\/v2\/types\/product"}],"replies":[{"embeddable":true,"href":"https:\/\/naby.sk\/index.php\/wp-json\/wp\/v2\/comments?post=13523"}],"wp:featuredmedia":[{"embeddable":true,"href":"https:\/\/naby.sk\/index.php\/wp-json\/wp\/v2\/media\/13534"}],"wp:attachment":[{"href":"https:\/\/naby.sk\/index.php\/wp-json\/wp\/v2\/media?parent=13523"}],"wp:term":[{"taxonomy":"product_cat","embeddable":true,"href":"https:\/\/naby.sk\/index.php\/wp-json\/wp\/v2\/product_cat?post=13523"},{"taxonomy":"product_tag","embeddable":true,"href":"https:\/\/naby.sk\/index.php\/wp-json\/wp\/v2\/product_tag?post=13523"}],"curies":[{"name":"wp","href":"https:\/\/api.w.org\/{rel}","templated":true}]}}