{"id":1323,"date":"2025-01-13T20:04:45","date_gmt":"2025-01-13T19:04:45","guid":{"rendered":""},"modified":"2025-01-14T11:29:46","modified_gmt":"2025-01-14T10:29:46","slug":"solight-teplovzdusny-ventilator-2000w","status":"publish","type":"product","link":"https:\/\/naby.sk\/index.php\/produkt\/solight-teplovzdusny-ventilator-2000w\/","title":{"rendered":"Solight teplovzdu\u0161n\u00fd ventil\u00e1tor 2000W"},"content":{"rendered":"<p><UL><br \/>\n<LI> termostat na nastavenie kon\u0161tantnej teploty v miestnosti<\/LI><br \/>\n<LI> tri stupne ventil\u00e1cie, bez ohrevu, 1000W, 2000W<\/LI><br \/>\n<LI> LED indik\u00e1cia prev\u00e1dzky<\/LI><br \/>\n<LI> ochrana proti prehriatiu a prevrhnutiu<\/LI><br \/>\n<LI> iba pre vn\u00fatorn\u00e9 pou\u017eitie, krytie IP20<\/LI><br \/>\n<LI> hlu\u010dnos\u0165 40dB<\/LI><br \/>\n<LI> praktick\u00fd \u00fachyt<\/LI><br \/>\n<LI> nap\u00e1janie 230V\/50Hz<\/LI><br \/>\n<LI> rozmery 250x220x60mm <\/LI><br \/>\n<LI> d\u013a\u017eka k\u00e1bla 1,2m <\/LI><br \/>\n<\/UL><\/p>\n","protected":false},"excerpt":{"rendered":"<p>termostat na nastavenie kon\u0161tantnej teploty v miestnosti tri stupne ventil\u00e1cie, bez ohrevu, 1000W, 2000W LED indik\u00e1cia prev\u00e1dzky ochrana proti prehriatiu a prevrhnutiu iba pre vn\u00fatorn\u00e9 pou\u017eitie, krytie IP20 hlu\u010dnos\u0165 40dB praktick\u00fd \u00fachyt nap\u00e1janie 230V\/50Hz rozmery 250x220x60mm d\u013a\u017eka k\u00e1bla 1,2m<\/p>\n","protected":false},"featured_media":1324,"comment_status":"open","ping_status":"closed","template":"","meta":[],"product_cat":[158],"product_tag":[],"class_list":{"0":"post-1323","1":"product","2":"type-product","3":"status-publish","4":"has-post-thumbnail","6":"product_cat-teplovzdusne-konvektory","8":"first","9":"instock","10":"shipping-taxable","11":"purchasable","12":"product-type-simple"},"_links":{"self":[{"href":"https:\/\/naby.sk\/index.php\/wp-json\/wp\/v2\/product\/1323","targetHints":{"allow":["GET"]}}],"collection":[{"href":"https:\/\/naby.sk\/index.php\/wp-json\/wp\/v2\/product"}],"about":[{"href":"https:\/\/naby.sk\/index.php\/wp-json\/wp\/v2\/types\/product"}],"replies":[{"embeddable":true,"href":"https:\/\/naby.sk\/index.php\/wp-json\/wp\/v2\/comments?post=1323"}],"wp:featuredmedia":[{"embeddable":true,"href":"https:\/\/naby.sk\/index.php\/wp-json\/wp\/v2\/media\/1324"}],"wp:attachment":[{"href":"https:\/\/naby.sk\/index.php\/wp-json\/wp\/v2\/media?parent=1323"}],"wp:term":[{"taxonomy":"product_cat","embeddable":true,"href":"https:\/\/naby.sk\/index.php\/wp-json\/wp\/v2\/product_cat?post=1323"},{"taxonomy":"product_tag","embeddable":true,"href":"https:\/\/naby.sk\/index.php\/wp-json\/wp\/v2\/product_tag?post=1323"}],"curies":[{"name":"wp","href":"https:\/\/api.w.org\/{rel}","templated":true}]}}