{"id":13046,"date":"2025-01-13T20:42:21","date_gmt":"2025-01-13T19:42:21","guid":{"rendered":""},"modified":"2025-01-14T11:31:52","modified_gmt":"2025-01-14T10:31:52","slug":"solight-2z-usb-ac-20w-pd-cestovny-predlzovaci-privod-15m-biely","status":"publish","type":"product","link":"https:\/\/naby.sk\/index.php\/produkt\/solight-2z-usb-ac-20w-pd-cestovny-predlzovaci-privod-15m-biely\/","title":{"rendered":"Solight 2z + USB A+C 20W PD, cestovn\u00fd predl\u017eovac\u00ed pr\u00edvod 1.5m, biely"},"content":{"rendered":"<p><UL><br \/>\n<LI> Predl\u017eovac\u00ed nap\u00e1jac\u00ed k\u00e1bel s dvoma z\u00e1suvkami a USB r\u00fdchlonab\u00edja\u010dkou. Skladn\u00fd, v\u00fdkonn\u00fd, \u013eahko prenosn\u00fd. Ide\u00e1lny na nab\u00edjanie elektronick\u00fdch zariaden\u00ed na cest\u00e1ch.<\/LI><br \/>\n<LI> po\u010det z\u00e1suviek:<\/LI><br \/>\n<LI>  &#8211; 2x 230V\/16A, max. 3680W, detsk\u00e9 poistky<\/LI><br \/>\n<LI>  &#8211; 1x USB-C, 5V\/3,4A, max. 17W<\/LI><br \/>\n<LI>  &#8211; 2x USB-A, 5V\/3,4A, max. 17W<\/LI><br \/>\n<LI>  &#8211; pri s\u00fa\u010dasnom pou\u017eit\u00ed USB A+C alebo A+A+C nab\u00edjanie: max. 5V\/3,4A, max. 17W<\/LI><br \/>\n<LI> PVC k\u00e1bel 1.5m, H05VV-F, 3 x 1,0 mm2<\/LI><br \/>\n<LI> uhlov\u00e1 vidlica s n\u00edzkym profilom od steny, sklopn\u00fd \u00fachyt pre \u013eahk\u00e9 vytiahnutie zo z\u00e1suvky<\/LI><br \/>\n<LI> farba: biela<\/LI><br \/>\n<\/UL><\/p>\n","protected":false},"excerpt":{"rendered":"<p>Predl\u017eovac\u00ed nap\u00e1jac\u00ed k\u00e1bel s dvoma z\u00e1suvkami a USB r\u00fdchlonab\u00edja\u010dkou. Skladn\u00fd, v\u00fdkonn\u00fd, \u013eahko prenosn\u00fd. Ide\u00e1lny na nab\u00edjanie elektronick\u00fdch zariaden\u00ed na cest\u00e1ch. po\u010det z\u00e1suviek: &#8211; 2x 230V\/16A, max. 3680W, detsk\u00e9 poistky &#8211; 1x USB-C, 5V\/3,4A, max. 17W &#8211; 2x USB-A, 5V\/3,4A, max. 17W &#8211; pri s\u00fa\u010dasnom pou\u017eit\u00ed USB A+C alebo A+A+C nab\u00edjanie: max. 5V\/3,4A, max. 17W PVC [&hellip;]<\/p>\n","protected":false},"featured_media":13047,"comment_status":"open","ping_status":"closed","template":"","meta":[],"product_cat":[155],"product_tag":[],"class_list":{"0":"post-13046","1":"product","2":"type-product","3":"status-publish","4":"has-post-thumbnail","6":"product_cat-ostatne","8":"first","9":"instock","10":"shipping-taxable","11":"purchasable","12":"product-type-simple"},"_links":{"self":[{"href":"https:\/\/naby.sk\/index.php\/wp-json\/wp\/v2\/product\/13046","targetHints":{"allow":["GET"]}}],"collection":[{"href":"https:\/\/naby.sk\/index.php\/wp-json\/wp\/v2\/product"}],"about":[{"href":"https:\/\/naby.sk\/index.php\/wp-json\/wp\/v2\/types\/product"}],"replies":[{"embeddable":true,"href":"https:\/\/naby.sk\/index.php\/wp-json\/wp\/v2\/comments?post=13046"}],"wp:featuredmedia":[{"embeddable":true,"href":"https:\/\/naby.sk\/index.php\/wp-json\/wp\/v2\/media\/13047"}],"wp:attachment":[{"href":"https:\/\/naby.sk\/index.php\/wp-json\/wp\/v2\/media?parent=13046"}],"wp:term":[{"taxonomy":"product_cat","embeddable":true,"href":"https:\/\/naby.sk\/index.php\/wp-json\/wp\/v2\/product_cat?post=13046"},{"taxonomy":"product_tag","embeddable":true,"href":"https:\/\/naby.sk\/index.php\/wp-json\/wp\/v2\/product_tag?post=13046"}],"curies":[{"name":"wp","href":"https:\/\/api.w.org\/{rel}","templated":true}]}}