{"id":12745,"date":"2025-01-13T20:41:13","date_gmt":"2025-01-13T19:41:13","guid":{"rendered":""},"modified":"2025-01-14T11:31:50","modified_gmt":"2025-01-14T10:31:50","slug":"solight-casovy-spinac-digitalny-displej-16-rezimov","status":"publish","type":"product","link":"https:\/\/naby.sk\/index.php\/produkt\/solight-casovy-spinac-digitalny-displej-16-rezimov\/","title":{"rendered":"Solight \u010dasov\u00fd sp\u00edna\u010d digit\u00e1lny, displej, 16 re\u017eimov"},"content":{"rendered":"<p><UL><br \/>\n<LI> LCD displej <\/ LI><br \/>\n<LI> automatick\u00fd alebo manu\u00e1lny re\u017eim <\/ LI><br \/>\n<LI> 10 sp\u00ednac\u00edch cyklov s minim\u00e1lnym rozl\u00ed\u0161en\u00edm 1 min\u00fata <\/ LI><br \/>\n<LI> 16 kombin\u00e1ci\u00ed dn\u00ed alebo skup\u00edn dn\u00ed <\/ LI><br \/>\n<LI> funkcie letn\u00e9ho \u010dasu <\/ LI><br \/>\n<LI> mo\u017enos\u0165 nastavenia n\u00e1hodn\u00e9ho sp\u00ednania po dobu 10-31minut v \u010dasovom rozmedz\u00ed 6: 00h a\u017e 18: 00h <\/ LI><br \/>\n<LI> zabudovan\u00e1 nab\u00edjacie bat\u00e9rie pre uchovanie hodn\u00f4t <\/ LI><br \/>\n<LI> detskej poistky <\/ LI><br \/>\n<LI> 230V \/ 16A, 3600W <\/ LI><br \/>\n<LI> prev\u00e1dzkov\u00e1 teplota: -10 + 40 \u00b0 C <\/ LI><br \/>\n<\/ UL><\/p>\n","protected":false},"excerpt":{"rendered":"<p>LCD displej automatick\u00fd alebo manu\u00e1lny re\u017eim 10 sp\u00ednac\u00edch cyklov s minim\u00e1lnym rozl\u00ed\u0161en\u00edm 1 min\u00fata 16 kombin\u00e1ci\u00ed dn\u00ed alebo skup\u00edn dn\u00ed funkcie letn\u00e9ho \u010dasu mo\u017enos\u0165 nastavenia n\u00e1hodn\u00e9ho sp\u00ednania po dobu 10-31minut v \u010dasovom rozmedz\u00ed 6: 00h a\u017e 18: 00h zabudovan\u00e1 nab\u00edjacie bat\u00e9rie pre uchovanie hodn\u00f4t detskej poistky 230V \/ 16A, 3600W prev\u00e1dzkov\u00e1 teplota: -10 + 40 [&hellip;]<\/p>\n","protected":false},"featured_media":12754,"comment_status":"open","ping_status":"closed","template":"","meta":[],"product_cat":[163],"product_tag":[],"class_list":{"0":"post-12745","1":"product","2":"type-product","3":"status-publish","4":"has-post-thumbnail","6":"product_cat-casove-spinace","8":"first","9":"instock","10":"shipping-taxable","11":"purchasable","12":"product-type-simple"},"_links":{"self":[{"href":"https:\/\/naby.sk\/index.php\/wp-json\/wp\/v2\/product\/12745","targetHints":{"allow":["GET"]}}],"collection":[{"href":"https:\/\/naby.sk\/index.php\/wp-json\/wp\/v2\/product"}],"about":[{"href":"https:\/\/naby.sk\/index.php\/wp-json\/wp\/v2\/types\/product"}],"replies":[{"embeddable":true,"href":"https:\/\/naby.sk\/index.php\/wp-json\/wp\/v2\/comments?post=12745"}],"wp:featuredmedia":[{"embeddable":true,"href":"https:\/\/naby.sk\/index.php\/wp-json\/wp\/v2\/media\/12754"}],"wp:attachment":[{"href":"https:\/\/naby.sk\/index.php\/wp-json\/wp\/v2\/media?parent=12745"}],"wp:term":[{"taxonomy":"product_cat","embeddable":true,"href":"https:\/\/naby.sk\/index.php\/wp-json\/wp\/v2\/product_cat?post=12745"},{"taxonomy":"product_tag","embeddable":true,"href":"https:\/\/naby.sk\/index.php\/wp-json\/wp\/v2\/product_tag?post=12745"}],"curies":[{"name":"wp","href":"https:\/\/api.w.org\/{rel}","templated":true}]}}