{"id":1262,"date":"2025-01-13T20:04:40","date_gmt":"2025-01-13T19:04:40","guid":{"rendered":""},"modified":"2025-01-14T11:29:46","modified_gmt":"2025-01-14T10:29:46","slug":"solight-led-ziarovka-sviecka-6w-e14-3000k-510lm","status":"publish","type":"product","link":"https:\/\/naby.sk\/index.php\/produkt\/solight-led-ziarovka-sviecka-6w-e14-3000k-510lm\/","title":{"rendered":"Solight LED \u017eiarovka, svie\u010dka, 6W, E14, 3000K, 510lm"},"content":{"rendered":"<p><UL><br \/>\n<LI> LED \u017eiarovka svie\u010dkov\u00e1<\/LI><br \/>\n<LI> spotreba: 6W<\/LI><br \/>\n<LI> sveteln\u00fd tok: 510lm (dpoved\u00e1 tradi\u010dnej 42W \u017eiarovke)<\/LI><br \/>\n<LI> teplota chromatickosti: 3000K (tepl\u00e1 biela)<\/LI><br \/>\n<LI> \u017eivotnos\u0165 LED: 20.000 hod\u00edn<\/LI><br \/>\n<LI> po\u010det sp\u00ednac\u00edch cyklov: 100.000x<\/LI><br \/>\n<LI> uhol svietenia: 160\u00b0<\/LI><br \/>\n<LI> zahrievacia doba: &lt;0,1 s<\/LI><br \/>\n<LI> index podania farieb Ra: &gt;80<\/LI><br \/>\n<LI> materi\u00e1l: hlin\u00edk + PVC<\/LI><br \/>\n<LI> nap\u00e4tie: 175 &#8211; 265V, 50 &#8211; 60Hz<\/LI><br \/>\n<LI> d\u013a\u017eka: 104mm<\/LI><br \/>\n<LI> priemer: 37mm<\/LI><br \/>\n<LI> p\u00e4tica: E14 <\/LI><br \/>\n<LI> energetick\u00e1 trieda: F<\/LI><br \/>\n<\/UL><\/p>\n","protected":false},"excerpt":{"rendered":"<p>LED \u017eiarovka svie\u010dkov\u00e1 spotreba: 6W sveteln\u00fd tok: 510lm (dpoved\u00e1 tradi\u010dnej 42W \u017eiarovke) teplota chromatickosti: 3000K (tepl\u00e1 biela) \u017eivotnos\u0165 LED: 20.000 hod\u00edn po\u010det sp\u00ednac\u00edch cyklov: 100.000x uhol svietenia: 160\u00b0 zahrievacia doba: &lt;0,1 s index podania farieb Ra: &gt;80 materi\u00e1l: hlin\u00edk + PVC nap\u00e4tie: 175 &#8211; 265V, 50 &#8211; 60Hz d\u013a\u017eka: 104mm priemer: 37mm p\u00e4tica: E14 energetick\u00e1 [&hellip;]<\/p>\n","protected":false},"featured_media":1265,"comment_status":"open","ping_status":"closed","template":"","meta":[],"product_cat":[229],"product_tag":[],"class_list":{"0":"post-1262","1":"product","2":"type-product","3":"status-publish","4":"has-post-thumbnail","6":"product_cat-e14","8":"first","9":"instock","10":"shipping-taxable","11":"purchasable","12":"product-type-simple"},"_links":{"self":[{"href":"https:\/\/naby.sk\/index.php\/wp-json\/wp\/v2\/product\/1262","targetHints":{"allow":["GET"]}}],"collection":[{"href":"https:\/\/naby.sk\/index.php\/wp-json\/wp\/v2\/product"}],"about":[{"href":"https:\/\/naby.sk\/index.php\/wp-json\/wp\/v2\/types\/product"}],"replies":[{"embeddable":true,"href":"https:\/\/naby.sk\/index.php\/wp-json\/wp\/v2\/comments?post=1262"}],"wp:featuredmedia":[{"embeddable":true,"href":"https:\/\/naby.sk\/index.php\/wp-json\/wp\/v2\/media\/1265"}],"wp:attachment":[{"href":"https:\/\/naby.sk\/index.php\/wp-json\/wp\/v2\/media?parent=1262"}],"wp:term":[{"taxonomy":"product_cat","embeddable":true,"href":"https:\/\/naby.sk\/index.php\/wp-json\/wp\/v2\/product_cat?post=1262"},{"taxonomy":"product_tag","embeddable":true,"href":"https:\/\/naby.sk\/index.php\/wp-json\/wp\/v2\/product_tag?post=1262"}],"curies":[{"name":"wp","href":"https:\/\/api.w.org\/{rel}","templated":true}]}}