{"id":12534,"date":"2025-01-13T20:40:32","date_gmt":"2025-01-13T19:40:32","guid":{"rendered":""},"modified":"2025-01-14T11:31:48","modified_gmt":"2025-01-14T10:31:48","slug":"solight-olejovy-radiator-2000w","status":"publish","type":"product","link":"https:\/\/naby.sk\/index.php\/produkt\/solight-olejovy-radiator-2000w\/","title":{"rendered":"Solight olejov\u00fd radi\u00e1tor 2000W"},"content":{"rendered":"<p><UL><br \/>\n<LI> olejov\u00fd radi\u00e1tor 2000W<\/LI><br \/>\n<LI> tri nastavite\u013en\u00e9 \u00farovne v\u00fdkonu 800\/1200\/2000W<\/LI><br \/>\n<LI> nastavite\u013en\u00fd termostat<\/LI><br \/>\n<LI> ochrana proti prehriatiu<\/LI><br \/>\n<LI> ochrana pri prevr\u00e1ten\u00ed<\/LI><br \/>\n<LI> sveteln\u00e1 indik\u00e1cia chodu<\/LI><br \/>\n<LI> 9 rebier<\/LI><br \/>\n<LI> nap\u00e1jenie AC 230V\/50Hz, max. 2000W.<\/LI><br \/>\n<\/UL><\/p>\n","protected":false},"excerpt":{"rendered":"<p>olejov\u00fd radi\u00e1tor 2000W tri nastavite\u013en\u00e9 \u00farovne v\u00fdkonu 800\/1200\/2000W nastavite\u013en\u00fd termostat ochrana proti prehriatiu ochrana pri prevr\u00e1ten\u00ed sveteln\u00e1 indik\u00e1cia chodu 9 rebier nap\u00e1jenie AC 230V\/50Hz, max. 2000W.<\/p>\n","protected":false},"featured_media":12535,"comment_status":"open","ping_status":"closed","template":"","meta":[],"product_cat":[158],"product_tag":[],"class_list":{"0":"post-12534","1":"product","2":"type-product","3":"status-publish","4":"has-post-thumbnail","6":"product_cat-teplovzdusne-konvektory","8":"first","9":"instock","10":"shipping-taxable","11":"purchasable","12":"product-type-simple"},"_links":{"self":[{"href":"https:\/\/naby.sk\/index.php\/wp-json\/wp\/v2\/product\/12534","targetHints":{"allow":["GET"]}}],"collection":[{"href":"https:\/\/naby.sk\/index.php\/wp-json\/wp\/v2\/product"}],"about":[{"href":"https:\/\/naby.sk\/index.php\/wp-json\/wp\/v2\/types\/product"}],"replies":[{"embeddable":true,"href":"https:\/\/naby.sk\/index.php\/wp-json\/wp\/v2\/comments?post=12534"}],"wp:featuredmedia":[{"embeddable":true,"href":"https:\/\/naby.sk\/index.php\/wp-json\/wp\/v2\/media\/12535"}],"wp:attachment":[{"href":"https:\/\/naby.sk\/index.php\/wp-json\/wp\/v2\/media?parent=12534"}],"wp:term":[{"taxonomy":"product_cat","embeddable":true,"href":"https:\/\/naby.sk\/index.php\/wp-json\/wp\/v2\/product_cat?post=12534"},{"taxonomy":"product_tag","embeddable":true,"href":"https:\/\/naby.sk\/index.php\/wp-json\/wp\/v2\/product_tag?post=12534"}],"curies":[{"name":"wp","href":"https:\/\/api.w.org\/{rel}","templated":true}]}}