{"id":12355,"date":"2025-01-13T20:39:48","date_gmt":"2025-01-13T19:39:48","guid":{"rendered":""},"modified":"2025-01-14T11:31:45","modified_gmt":"2025-01-14T10:31:45","slug":"solight-bezdrotovy-senzor-k-meteostanici-te81wifi","status":"publish","type":"product","link":"https:\/\/naby.sk\/index.php\/produkt\/solight-bezdrotovy-senzor-k-meteostanici-te81wifi\/","title":{"rendered":"Solight bezdr\u00f4tov\u00fd senzor k meteostanici TE81WIFI"},"content":{"rendered":"<p><UL><br \/>\n<LI> rozsah merania teploty: -20\u00b0C + 60\u00b0C<\/LI><br \/>\n<LI> rozsah merania vlhkosti: 20% &#8211; 95%<\/LI><br \/>\n<LI> dosah 30m vo vo\u013enom priestore<\/LI><br \/>\n<LI> pre meteostanicu TE81WIFI<\/LI><br \/>\n<LI> nap\u00e1janie: 2 x AA (LR06) bat\u00e9rie (nie je s\u00fa\u010das\u0165ou balenia)<\/LI><br \/>\n<\/UL><\/p>\n","protected":false},"excerpt":{"rendered":"<p>rozsah merania teploty: -20\u00b0C + 60\u00b0C rozsah merania vlhkosti: 20% &#8211; 95% dosah 30m vo vo\u013enom priestore pre meteostanicu TE81WIFI nap\u00e1janie: 2 x AA (LR06) bat\u00e9rie (nie je s\u00fa\u010das\u0165ou balenia)<\/p>\n","protected":false},"featured_media":12360,"comment_status":"open","ping_status":"closed","template":"","meta":[],"product_cat":[220],"product_tag":[],"class_list":{"0":"post-12355","1":"product","2":"type-product","3":"status-publish","4":"has-post-thumbnail","6":"product_cat-meteostanice","8":"first","9":"instock","10":"shipping-taxable","11":"purchasable","12":"product-type-simple"},"_links":{"self":[{"href":"https:\/\/naby.sk\/index.php\/wp-json\/wp\/v2\/product\/12355","targetHints":{"allow":["GET"]}}],"collection":[{"href":"https:\/\/naby.sk\/index.php\/wp-json\/wp\/v2\/product"}],"about":[{"href":"https:\/\/naby.sk\/index.php\/wp-json\/wp\/v2\/types\/product"}],"replies":[{"embeddable":true,"href":"https:\/\/naby.sk\/index.php\/wp-json\/wp\/v2\/comments?post=12355"}],"wp:featuredmedia":[{"embeddable":true,"href":"https:\/\/naby.sk\/index.php\/wp-json\/wp\/v2\/media\/12360"}],"wp:attachment":[{"href":"https:\/\/naby.sk\/index.php\/wp-json\/wp\/v2\/media?parent=12355"}],"wp:term":[{"taxonomy":"product_cat","embeddable":true,"href":"https:\/\/naby.sk\/index.php\/wp-json\/wp\/v2\/product_cat?post=12355"},{"taxonomy":"product_tag","embeddable":true,"href":"https:\/\/naby.sk\/index.php\/wp-json\/wp\/v2\/product_tag?post=12355"}],"curies":[{"name":"wp","href":"https:\/\/api.w.org\/{rel}","templated":true}]}}