{"id":1204,"date":"2025-01-13T20:04:33","date_gmt":"2025-01-13T19:04:33","guid":{"rendered":""},"modified":"2025-01-14T11:29:44","modified_gmt":"2025-01-14T10:29:44","slug":"solight-teplovzdusny-konvektor-2000w-ventilator-nastavitelny-termostat","status":"publish","type":"product","link":"https:\/\/naby.sk\/index.php\/produkt\/solight-teplovzdusny-konvektor-2000w-ventilator-nastavitelny-termostat\/","title":{"rendered":"Solight teplovzdu\u0161n\u00fd konvektor 2000W, ventil\u00e1tor, nastavite\u013en\u00fd termostat"},"content":{"rendered":"<p><UL><br \/>\n<LI> tri mo\u017enosti nastavenia v\u00fdkonu, 750\/1250 \/ 2000W<\/LI><br \/>\n<LI> termostat pre nastavenie kon\u0161tantnej teploty v miestnosti<\/LI><br \/>\n<LI> funkcia turbo, vyu\u017e\u00edvaj\u00faci ventil\u00e1tor pre r\u00fdchlej\u0161ie vyhriatie miestnosti<\/LI><br \/>\n<LI> ochrana proti prehriatiu<\/LI><br \/>\n<LI> \u00fachyty pre \u013eahk\u00fa manipul\u00e1ciu, stabiln\u00e9 n\u00f4\u017eky<\/LI><br \/>\n<LI> len pre vn\u00fatorn\u00e9 pou\u017eitie, krytie IP20<\/LI><br \/>\n<LI> nap\u00e1janie 230V\/50Hz<\/LI><br \/>\n<\/UL><\/p>\n","protected":false},"excerpt":{"rendered":"<p>tri mo\u017enosti nastavenia v\u00fdkonu, 750\/1250 \/ 2000W termostat pre nastavenie kon\u0161tantnej teploty v miestnosti funkcia turbo, vyu\u017e\u00edvaj\u00faci ventil\u00e1tor pre r\u00fdchlej\u0161ie vyhriatie miestnosti ochrana proti prehriatiu \u00fachyty pre \u013eahk\u00fa manipul\u00e1ciu, stabiln\u00e9 n\u00f4\u017eky len pre vn\u00fatorn\u00e9 pou\u017eitie, krytie IP20 nap\u00e1janie 230V\/50Hz<\/p>\n","protected":false},"featured_media":1207,"comment_status":"open","ping_status":"closed","template":"","meta":[],"product_cat":[158],"product_tag":[],"class_list":{"0":"post-1204","1":"product","2":"type-product","3":"status-publish","4":"has-post-thumbnail","6":"product_cat-teplovzdusne-konvektory","8":"first","9":"instock","10":"shipping-taxable","11":"purchasable","12":"product-type-simple"},"_links":{"self":[{"href":"https:\/\/naby.sk\/index.php\/wp-json\/wp\/v2\/product\/1204","targetHints":{"allow":["GET"]}}],"collection":[{"href":"https:\/\/naby.sk\/index.php\/wp-json\/wp\/v2\/product"}],"about":[{"href":"https:\/\/naby.sk\/index.php\/wp-json\/wp\/v2\/types\/product"}],"replies":[{"embeddable":true,"href":"https:\/\/naby.sk\/index.php\/wp-json\/wp\/v2\/comments?post=1204"}],"wp:featuredmedia":[{"embeddable":true,"href":"https:\/\/naby.sk\/index.php\/wp-json\/wp\/v2\/media\/1207"}],"wp:attachment":[{"href":"https:\/\/naby.sk\/index.php\/wp-json\/wp\/v2\/media?parent=1204"}],"wp:term":[{"taxonomy":"product_cat","embeddable":true,"href":"https:\/\/naby.sk\/index.php\/wp-json\/wp\/v2\/product_cat?post=1204"},{"taxonomy":"product_tag","embeddable":true,"href":"https:\/\/naby.sk\/index.php\/wp-json\/wp\/v2\/product_tag?post=1204"}],"curies":[{"name":"wp","href":"https:\/\/api.w.org\/{rel}","templated":true}]}}