{"id":12010,"date":"2025-01-13T20:38:19","date_gmt":"2025-01-13T19:38:19","guid":{"rendered":""},"modified":"2025-01-14T11:31:41","modified_gmt":"2025-01-14T10:31:41","slug":"solight-casovy-spinac-24-h-1-rezim","status":"publish","type":"product","link":"https:\/\/naby.sk\/index.php\/produkt\/solight-casovy-spinac-24-h-1-rezim\/","title":{"rendered":"Solight \u010dasov\u00fd sp\u00edna\u010d, 24 h., 1 re\u017eim"},"content":{"rendered":"<p><UL><br \/>\n<LI>rozp\u00e4tie 24hod., min. \u010dasov\u00fd \u00fasek 15min.<\/LI><br \/>\n<LI>vyp\u00edna\u010d<\/LI><br \/>\n<LI>mechanick\u00fd<\/LI><br \/>\n<LI>detsk\u00e1 poistka<\/LI><br \/>\n<LI>230V\/16A, 50Hz<\/LI><br \/>\n<\/UL><\/p>\n","protected":false},"excerpt":{"rendered":"<p>rozp\u00e4tie 24hod., min. \u010dasov\u00fd \u00fasek 15min. vyp\u00edna\u010d mechanick\u00fd detsk\u00e1 poistka 230V\/16A, 50Hz<\/p>\n","protected":false},"featured_media":12021,"comment_status":"open","ping_status":"closed","template":"","meta":[],"product_cat":[163],"product_tag":[],"class_list":{"0":"post-12010","1":"product","2":"type-product","3":"status-publish","4":"has-post-thumbnail","6":"product_cat-casove-spinace","8":"first","9":"instock","10":"shipping-taxable","11":"purchasable","12":"product-type-simple"},"_links":{"self":[{"href":"https:\/\/naby.sk\/index.php\/wp-json\/wp\/v2\/product\/12010","targetHints":{"allow":["GET"]}}],"collection":[{"href":"https:\/\/naby.sk\/index.php\/wp-json\/wp\/v2\/product"}],"about":[{"href":"https:\/\/naby.sk\/index.php\/wp-json\/wp\/v2\/types\/product"}],"replies":[{"embeddable":true,"href":"https:\/\/naby.sk\/index.php\/wp-json\/wp\/v2\/comments?post=12010"}],"wp:featuredmedia":[{"embeddable":true,"href":"https:\/\/naby.sk\/index.php\/wp-json\/wp\/v2\/media\/12021"}],"wp:attachment":[{"href":"https:\/\/naby.sk\/index.php\/wp-json\/wp\/v2\/media?parent=12010"}],"wp:term":[{"taxonomy":"product_cat","embeddable":true,"href":"https:\/\/naby.sk\/index.php\/wp-json\/wp\/v2\/product_cat?post=12010"},{"taxonomy":"product_tag","embeddable":true,"href":"https:\/\/naby.sk\/index.php\/wp-json\/wp\/v2\/product_tag?post=12010"}],"curies":[{"name":"wp","href":"https:\/\/api.w.org\/{rel}","templated":true}]}}