{"id":1144,"date":"2025-01-13T20:04:30","date_gmt":"2025-01-13T19:04:30","guid":{"rendered":""},"modified":"2025-01-14T11:29:44","modified_gmt":"2025-01-14T10:29:44","slug":"solight-otocna-ip-kamera","status":"publish","type":"product","link":"https:\/\/naby.sk\/index.php\/produkt\/solight-otocna-ip-kamera\/","title":{"rendered":"Solight oto\u010dn\u00e1 IP kamera"},"content":{"rendered":"<p><UL><br \/>\n<b>Preh\u013ead:<\/b><br \/>\nSkontrolujte svoj domov takmer odkia\u013eko\u013evek pomocou kamery 1D74S. Jednoducho vytiahnite telef\u00f3n alebo tablet, abyste mali st\u00e1le doh\u013ead nad va\u0161im domovom, kdeko\u013evek budete pripojen\u00ed k internetu. Kamera je nap\u00e1jan\u00e1 zdrojom a tak pon\u00faka \u017eiv\u00fd prenos 24 hod\u00edn denne, 7 dn\u00ed v t\u00fd\u017edni. Alebo dost\u00e1vajte upozornenia na va\u0161e mobiln\u00e9 zariadenie v momente, ke\u010f kamera zachyt\u00ed pohyb a pozrite si video vo vysokom Full HD rozl\u00ed\u0161en\u00ed 1080p.<\/p>\n<p><b>Inform\u00e1cie:<\/b><br \/>\n<b>24\/7 \u017eiv\u00fd video prenos:<\/b> T\u00e1to IP kamera pracuje cez bezdr\u00f4tov\u00fa Wi-Fi sie\u0165 v\u00e1\u0161ho domu, tak\u017ee m\u00e1te pr\u00edstup k \u017eiv\u00fdm aj zaznamenan\u00fdm z\u00e1znamom priamo z mobilnej aplik\u00e1cie na Va\u0161om mobilnom zariaden\u00ed (telef\u00f3n alebo tablet s iOS 8 a nov\u0161\u00edm alebo Androidom 4.1 a nov\u0161\u00ed).<br \/>\n<b>Jednoduch\u00e9 nastavenie: <\/b>In\u0161tal\u00e1cia je tak jednoduch\u00e1; kameru jednoducho zapojte do elektriny a nastavte pomocou aplik\u00e1cie v telef\u00f3ne. Kameru m\u00f4\u017eete jednoducho umiestni\u0165 na st\u00f4l alebo ju namontova\u0165 na stenu.<br \/>\n<b>Upozornenie na telef\u00f3ne:<\/b> Ak zapnete detekciu pohybu, kamera v\u00e1m pri zaznamenan\u00ed pohybu po\u0161le upozornenie na Va\u0161e mobiln\u00e9 zariadenie.<br \/>\n<b>No\u010dn\u00e9 videnie:<\/b> Kamera umo\u017e\u0148uje no\u010dn\u00e9 videnie v\u010faka 6 LED sn\u00edma\u010dom, ktor\u00e9 v\u00e1m sprostredkuj\u00fa jasn\u00fd obraz za \u0161era alebo v tme (\u00fa\u010dinnos\u0165 a\u017e 8-10 metrov).<br \/>\n<b>Zvuk:<\/b> 2-p\u00e1smov\u00fd z\u00e1znam zvuku v\u00e1m dovol\u00ed komunikova\u0165 s rodinn\u00fdmi pr\u00edslu\u0161n\u00edkmi alebo priate\u013emi.<br \/>\n<b>Pozrite sa na v\u00e4\u010d\u0161\u00ed obr\u00e1zok:<\/b> \u0160irok\u00fd z\u00e1ber 75 stup\u0148ov v\u00e1m sprostredkuje \u0161irok\u00fd obraz miestnosti, zatia\u013e \u010do 2x  zoom umo\u017e\u0148uje pribl\u00ed\u017ei\u0165 sa k dianiu v pr\u00edpade potreby.<br \/>\n<b>Ot\u00e1\u010danie:<\/b> V\u010faka motorizovan\u00e9mu podstavci m\u00f4\u017eete kamerou ot\u00e1\u010da\u0165 ako horizont\u00e1lne, tak vertik\u00e1lne. V Smart Life aplik\u00e1cii m\u00f4\u017eete ot\u00e1\u010dania ovl\u00e1da\u0165 gestami do str\u00e1n, pod\u013ea toho kam chcete, aby kamera smerovala.<br \/>\n<b>Kri\u0161t\u00e1\u013eovo \u010dist\u00fd z\u00e1znam:<\/b> Sn\u00edma\u010d CMOS fotoapar\u00e1tu zaznamen\u00e1va kri\u0161t\u00e1\u013eovo \u010distej rozl\u00ed\u0161enie Full HD 1080p, tak\u017ee m\u00e1te skvel\u00fd poh\u013ead na to, \u010do sa deje vo va\u0161om dome.<\/p>\n<p><b>Aplik\u00e1cia Smart Life:<\/b><br \/>\nAplik\u00e1cia je v sloven\u010dine, angli\u010dtine a in\u00fdch jazykoch<br \/>\nJe kompatibiln\u00fd s WiFi 2,4 GHz, Android 4.1 a vy\u0161\u0161ie, iOS 8.0 a vy\u0161\u0161ie, Tuya Smart app, Smart Life app, Amazon Echo, Google Home<\/LI><\/p>\n<p><b>Vlastnosti:<\/b><br \/>\n<LI>Pripojenie cez Wi-Fi<\/LI><br \/>\n<LI>Ovl\u00e1dnite cez aplik\u00e1ciu Smart Life &#8211; iOS\/Android<\/LI><br \/>\n<LI>detekcia pohybu<\/LI><br \/>\n<LI>Upozornenie na mobil<\/LI><br \/>\n<LI>\u010casov\u00e9 nastavenie z\u00e1znamu<\/LI><br \/>\n<LI>Vertik\u00e1lne\/horizont\u00e1lne ot\u00e1\u010danie<\/LI><br \/>\n<LI>No\u010dn\u00e9 sn\u00edmanie &#8211; 6 LED di\u00f3d<\/LI><br \/>\n<br \/>\n<b>Parametre:<\/b><br \/>\n<LI> max. ve\u013ekos\u0165 karty: 128 GB (microSD, nie je s\u00fa\u010das\u0165ou balenia)<\/LI><br \/>\n<LI> rozl\u00ed\u0161enie sn\u00edma\u010da: 2 Mpx<\/LI><br \/>\n<LI> mikrof\u00f3n\/reproduktor: vstavan\u00fd<\/LI><br \/>\n<LI> rozl\u00ed\u0161enie: 1080p (1920&#215;1080)\/30FPS<\/LI><br \/>\n<LI> video kompresia: H.264<\/LI><br \/>\n<LI> pozorovac\u00ed uhol: 75\u00b0<\/LI><br \/>\n<LI> Ot\u00e1\u010danie: horizont\u00e1lne 355\u00b0\/ vertik\u00e1lne 90\u00b0<\/LI><br \/>\n<LI> nap\u00e1janie: 5V\/1A (DC)<\/LI><br \/>\n<LI> aplik\u00e1cie v Sj<\/LI><br \/>\n<\/UL><\/p>\n","protected":false},"excerpt":{"rendered":"<p>Preh\u013ead: Skontrolujte svoj domov takmer odkia\u013eko\u013evek pomocou kamery 1D74S. Jednoducho vytiahnite telef\u00f3n alebo tablet, abyste mali st\u00e1le doh\u013ead nad va\u0161im domovom, kdeko\u013evek budete pripojen\u00ed k internetu. Kamera je nap\u00e1jan\u00e1 zdrojom a tak pon\u00faka \u017eiv\u00fd prenos 24 hod\u00edn denne, 7 dn\u00ed v t\u00fd\u017edni. Alebo dost\u00e1vajte upozornenia na va\u0161e mobiln\u00e9 zariadenie v momente, ke\u010f kamera zachyt\u00ed pohyb [&hellip;]<\/p>\n","protected":false},"featured_media":1155,"comment_status":"open","ping_status":"closed","template":"","meta":[],"product_cat":[221],"product_tag":[],"class_list":{"0":"post-1144","1":"product","2":"type-product","3":"status-publish","4":"has-post-thumbnail","6":"product_cat-kamery","8":"first","9":"instock","10":"shipping-taxable","11":"purchasable","12":"product-type-simple"},"_links":{"self":[{"href":"https:\/\/naby.sk\/index.php\/wp-json\/wp\/v2\/product\/1144","targetHints":{"allow":["GET"]}}],"collection":[{"href":"https:\/\/naby.sk\/index.php\/wp-json\/wp\/v2\/product"}],"about":[{"href":"https:\/\/naby.sk\/index.php\/wp-json\/wp\/v2\/types\/product"}],"replies":[{"embeddable":true,"href":"https:\/\/naby.sk\/index.php\/wp-json\/wp\/v2\/comments?post=1144"}],"wp:featuredmedia":[{"embeddable":true,"href":"https:\/\/naby.sk\/index.php\/wp-json\/wp\/v2\/media\/1155"}],"wp:attachment":[{"href":"https:\/\/naby.sk\/index.php\/wp-json\/wp\/v2\/media?parent=1144"}],"wp:term":[{"taxonomy":"product_cat","embeddable":true,"href":"https:\/\/naby.sk\/index.php\/wp-json\/wp\/v2\/product_cat?post=1144"},{"taxonomy":"product_tag","embeddable":true,"href":"https:\/\/naby.sk\/index.php\/wp-json\/wp\/v2\/product_tag?post=1144"}],"curies":[{"name":"wp","href":"https:\/\/api.w.org\/{rel}","templated":true}]}}