{"id":11342,"date":"2025-01-13T20:35:46","date_gmt":"2025-01-13T19:35:46","guid":{"rendered":""},"modified":"2025-01-14T11:31:33","modified_gmt":"2025-01-14T10:31:33","slug":"solight-cestovny-adapter-usa-usb-ac-pre-pouzitie-v-spojenych-statoch-typ-b","status":"publish","type":"product","link":"https:\/\/naby.sk\/index.php\/produkt\/solight-cestovny-adapter-usa-usb-ac-pre-pouzitie-v-spojenych-statoch-typ-b\/","title":{"rendered":"Solight cestovn\u00fd adapt\u00e9r USA USB A+C pre pou\u017eitie v Spojen\u00fdch \u0161t\u00e1toch, typ B"},"content":{"rendered":"<p><UL><br \/>\n<LI> cestovn\u00fd adapt\u00e9r s uzemnen\u00edm a vstavanou USB nab\u00edja\u010dkou<\/LI><br \/>\n<LI> v\u00fdhodn\u00e9 spojenie dvoch zariaden\u00ed v jednom<\/LI><br \/>\n<LI> pre obyvate\u013eov Eur\u00f3py nav\u0161tevuj\u00facich USA a krajiny s US \u0161tandardom, z\u00e1suvky typu B<\/LI><br \/>\n<LI> Schuko uzemnenie z\u00e1suvky, pou\u017eite\u013en\u00e9 pre univerz\u00e1lne vidlice typu E\/F<\/LI><br \/>\n<LI> vhodn\u00e9 aj pre spotrebi\u010de s neuzemnenou 2-kol\u00edkovou vidlicou typu C<\/LI><br \/>\n<LI> z\u00e1suvka s detsk\u00fdmi poistkami, 100 &#8211; 250V \/ max. 15A, max. 1800W \/ 120V, max. 3450W \/ 230V<\/LI><br \/>\n<LI> 2x USB-A + 1x USB-C, DC 5V &#8211; max. 2,4 A, max. 12W<\/LI><br \/>\n<LI> adapt\u00e9r nemen\u00ed nap\u00e4tie ani in\u00e9 elektrick\u00e9 parametre<\/LI><br \/>\n<LI> farba: biela<\/LI><br \/>\n<\/UL><\/p>\n","protected":false},"excerpt":{"rendered":"<p>cestovn\u00fd adapt\u00e9r s uzemnen\u00edm a vstavanou USB nab\u00edja\u010dkou v\u00fdhodn\u00e9 spojenie dvoch zariaden\u00ed v jednom pre obyvate\u013eov Eur\u00f3py nav\u0161tevuj\u00facich USA a krajiny s US \u0161tandardom, z\u00e1suvky typu B Schuko uzemnenie z\u00e1suvky, pou\u017eite\u013en\u00e9 pre univerz\u00e1lne vidlice typu E\/F vhodn\u00e9 aj pre spotrebi\u010de s neuzemnenou 2-kol\u00edkovou vidlicou typu C z\u00e1suvka s detsk\u00fdmi poistkami, 100 &#8211; 250V \/ max. [&hellip;]<\/p>\n","protected":false},"featured_media":11351,"comment_status":"open","ping_status":"closed","template":"","meta":[],"product_cat":[162],"product_tag":[],"class_list":{"0":"post-11342","1":"product","2":"type-product","3":"status-publish","4":"has-post-thumbnail","6":"product_cat-cestovne-adaptery","8":"first","9":"instock","10":"shipping-taxable","11":"purchasable","12":"product-type-simple"},"_links":{"self":[{"href":"https:\/\/naby.sk\/index.php\/wp-json\/wp\/v2\/product\/11342","targetHints":{"allow":["GET"]}}],"collection":[{"href":"https:\/\/naby.sk\/index.php\/wp-json\/wp\/v2\/product"}],"about":[{"href":"https:\/\/naby.sk\/index.php\/wp-json\/wp\/v2\/types\/product"}],"replies":[{"embeddable":true,"href":"https:\/\/naby.sk\/index.php\/wp-json\/wp\/v2\/comments?post=11342"}],"wp:featuredmedia":[{"embeddable":true,"href":"https:\/\/naby.sk\/index.php\/wp-json\/wp\/v2\/media\/11351"}],"wp:attachment":[{"href":"https:\/\/naby.sk\/index.php\/wp-json\/wp\/v2\/media?parent=11342"}],"wp:term":[{"taxonomy":"product_cat","embeddable":true,"href":"https:\/\/naby.sk\/index.php\/wp-json\/wp\/v2\/product_cat?post=11342"},{"taxonomy":"product_tag","embeddable":true,"href":"https:\/\/naby.sk\/index.php\/wp-json\/wp\/v2\/product_tag?post=11342"}],"curies":[{"name":"wp","href":"https:\/\/api.w.org\/{rel}","templated":true}]}}