{"id":10716,"date":"2025-01-13T20:33:04","date_gmt":"2025-01-13T19:33:04","guid":{"rendered":""},"modified":"2025-01-14T11:31:27","modified_gmt":"2025-01-14T10:31:27","slug":"solight-invertor-12v-usb-500ma-kovovy-cierny-max-zatazenie-200w","status":"publish","type":"product","link":"https:\/\/naby.sk\/index.php\/produkt\/solight-invertor-12v-usb-500ma-kovovy-cierny-max-zatazenie-200w\/","title":{"rendered":"Solight invertor 12V, USB 500mA, kovov\u00fd, \u010dierny, max. za\u0165a\u017eenie: 200W"},"content":{"rendered":"<p><UL><br \/>\n<LI>max. za\u0165a\u017eenie v\u00fdstupu (st\u00e1le): 200W<\/LI><br \/>\n<LI>max. za\u0165a\u017eenie v\u00fdstupu (\u0161pi\u010dkov\u00e9): 400W<\/LI><br \/>\n<LI>nomin\u00e1lne vstupn\u00e9 nap\u00e4tie (DC): 12V<\/LI><br \/>\n<LI>nomin\u00e1lne v\u00fdstupn\u00e9 nap\u00e4tie (AC): 230V, 50Hz<\/LI><br \/>\n<LI>v\u00fdstupn\u00e9 zvlnenie m\u00e1 tvar modifikovanej s\u00ednusoidy<\/LI><br \/>\n<LI>ochrana proti prehratiu, skratom, prep\u00e4tiu, pre\u0165a\u017eeniu a vybitiu bat\u00e9rie<\/LI><br \/>\n<LI>nap\u00e1janie: DC 12V cigaretov\u00fd autoadapt\u00e9r (s\u00fa\u010das\u0165ou balenia)<\/LI><br \/>\n<LI>pracovn\u00e1 teplota: -20\u00b0C a\u017e +50\u00b0C<\/LI><br \/>\n<LI>USB 2.0 nab\u00edjac\u00ed v\u00fdstup: 500mA<\/LI><br \/>\n<LI>balenie: farebn\u00e1 krabica<\/LI><br \/>\n<\/UL><\/p>\n","protected":false},"excerpt":{"rendered":"<p>max. za\u0165a\u017eenie v\u00fdstupu (st\u00e1le): 200W max. za\u0165a\u017eenie v\u00fdstupu (\u0161pi\u010dkov\u00e9): 400W nomin\u00e1lne vstupn\u00e9 nap\u00e4tie (DC): 12V nomin\u00e1lne v\u00fdstupn\u00e9 nap\u00e4tie (AC): 230V, 50Hz v\u00fdstupn\u00e9 zvlnenie m\u00e1 tvar modifikovanej s\u00ednusoidy ochrana proti prehratiu, skratom, prep\u00e4tiu, pre\u0165a\u017eeniu a vybitiu bat\u00e9rie nap\u00e1janie: DC 12V cigaretov\u00fd autoadapt\u00e9r (s\u00fa\u010das\u0165ou balenia) pracovn\u00e1 teplota: -20\u00b0C a\u017e +50\u00b0C USB 2.0 nab\u00edjac\u00ed v\u00fdstup: 500mA balenie: farebn\u00e1 [&hellip;]<\/p>\n","protected":false},"featured_media":10727,"comment_status":"open","ping_status":"closed","template":"","meta":[],"product_cat":[292],"product_tag":[],"class_list":{"0":"post-10716","1":"product","2":"type-product","3":"status-publish","4":"has-post-thumbnail","6":"product_cat-menice-napaetia","8":"first","9":"instock","10":"shipping-taxable","11":"purchasable","12":"product-type-simple"},"_links":{"self":[{"href":"https:\/\/naby.sk\/index.php\/wp-json\/wp\/v2\/product\/10716","targetHints":{"allow":["GET"]}}],"collection":[{"href":"https:\/\/naby.sk\/index.php\/wp-json\/wp\/v2\/product"}],"about":[{"href":"https:\/\/naby.sk\/index.php\/wp-json\/wp\/v2\/types\/product"}],"replies":[{"embeddable":true,"href":"https:\/\/naby.sk\/index.php\/wp-json\/wp\/v2\/comments?post=10716"}],"wp:featuredmedia":[{"embeddable":true,"href":"https:\/\/naby.sk\/index.php\/wp-json\/wp\/v2\/media\/10727"}],"wp:attachment":[{"href":"https:\/\/naby.sk\/index.php\/wp-json\/wp\/v2\/media?parent=10716"}],"wp:term":[{"taxonomy":"product_cat","embeddable":true,"href":"https:\/\/naby.sk\/index.php\/wp-json\/wp\/v2\/product_cat?post=10716"},{"taxonomy":"product_tag","embeddable":true,"href":"https:\/\/naby.sk\/index.php\/wp-json\/wp\/v2\/product_tag?post=10716"}],"curies":[{"name":"wp","href":"https:\/\/api.w.org\/{rel}","templated":true}]}}