{"id":10541,"date":"2025-01-13T20:32:22","date_gmt":"2025-01-13T19:32:22","guid":{"rendered":""},"modified":"2025-01-14T11:31:25","modified_gmt":"2025-01-14T10:31:25","slug":"solight-extra-usporna-led-ziarovka-72-w-1521lm-2700k-ekv-100w","status":"publish","type":"product","link":"https:\/\/naby.sk\/index.php\/produkt\/solight-extra-usporna-led-ziarovka-72-w-1521lm-2700k-ekv-100w\/","title":{"rendered":"Solight extra \u00fasporn\u00e1 LED \u017eiarovka 7,2 W, 1521lm, 2700K, ekv. 100W"},"content":{"rendered":"<p><UL><br \/>\n<LI> Extra \u00fasporn\u00e1 LED \u017eiarovka, ktor\u00e1 sp\u013a\u0148a parametre pre najvy\u0161\u0161iu energetick\u00fa triedu A, pod\u013ea novej legislat\u00edvy E\u00da. \u017diarovka je cca 2,5x \u00faspornej\u0161ia ako \u0161tandardn\u00e9 LED \u017eiarovky. Teplota svetla 2700K sa maxim\u00e1lne pribli\u017euje klasickej \u017eiarovke.<\/LI><br \/>\n<LI> \u0161peci\u00e1lna LED filament technol\u00f3gia <\/LI><br \/>\n<LI> spotreba: 7,2W <\/LI><br \/>\n<LI> sveteln\u00fd tok: 1521lm (zodpoved\u00e1 ekvivalentu 100W klasickej \u017eiarovky) <\/LI><br \/>\n<LI> teplota chromatickosti: 2700K (tepl\u00e1 biela) <\/LI><br \/>\n<LI> \u017eivostnos\u0165: 20.000 hod\u00edn <\/LI><br \/>\n<LI> po\u010det sp\u00ednac\u00edch cyklov: 20.000x <\/LI><br \/>\n<LI> uhol svietenia: 360\u00b0 <\/LI><br \/>\n<LI> index podania farieb Ra:&gt;80 <\/LI><br \/>\n<LI> materi\u00e1l: sklo + hlin\u00edk <\/LI><br \/>\n<LI> nap\u00e4tie: 220 &#8211; 240V, 50 &#8211; 60Hz <\/LI><br \/>\n<LI> d\u013a\u017eka: 104mm <\/LI><br \/>\n<LI> priemer: 60mm <\/LI><br \/>\n<LI> p\u00e4tica: E27<\/LI><br \/>\n<LI> tvar: klasick\u00fd<\/LI><br \/>\n<LI> energetick\u00e1 trida: A<\/LI><br \/>\n<\/UL><\/p>\n","protected":false},"excerpt":{"rendered":"<p>Extra \u00fasporn\u00e1 LED \u017eiarovka, ktor\u00e1 sp\u013a\u0148a parametre pre najvy\u0161\u0161iu energetick\u00fa triedu A, pod\u013ea novej legislat\u00edvy E\u00da. \u017diarovka je cca 2,5x \u00faspornej\u0161ia ako \u0161tandardn\u00e9 LED \u017eiarovky. Teplota svetla 2700K sa maxim\u00e1lne pribli\u017euje klasickej \u017eiarovke. \u0161peci\u00e1lna LED filament technol\u00f3gia spotreba: 7,2W sveteln\u00fd tok: 1521lm (zodpoved\u00e1 ekvivalentu 100W klasickej \u017eiarovky) teplota chromatickosti: 2700K (tepl\u00e1 biela) \u017eivostnos\u0165: 20.000 hod\u00edn [&hellip;]<\/p>\n","protected":false},"featured_media":10544,"comment_status":"open","ping_status":"closed","template":"","meta":[],"product_cat":[230],"product_tag":[],"class_list":{"0":"post-10541","1":"product","2":"type-product","3":"status-publish","4":"has-post-thumbnail","6":"product_cat-e27","8":"first","9":"instock","10":"shipping-taxable","11":"purchasable","12":"product-type-simple"},"_links":{"self":[{"href":"https:\/\/naby.sk\/index.php\/wp-json\/wp\/v2\/product\/10541","targetHints":{"allow":["GET"]}}],"collection":[{"href":"https:\/\/naby.sk\/index.php\/wp-json\/wp\/v2\/product"}],"about":[{"href":"https:\/\/naby.sk\/index.php\/wp-json\/wp\/v2\/types\/product"}],"replies":[{"embeddable":true,"href":"https:\/\/naby.sk\/index.php\/wp-json\/wp\/v2\/comments?post=10541"}],"wp:featuredmedia":[{"embeddable":true,"href":"https:\/\/naby.sk\/index.php\/wp-json\/wp\/v2\/media\/10544"}],"wp:attachment":[{"href":"https:\/\/naby.sk\/index.php\/wp-json\/wp\/v2\/media?parent=10541"}],"wp:term":[{"taxonomy":"product_cat","embeddable":true,"href":"https:\/\/naby.sk\/index.php\/wp-json\/wp\/v2\/product_cat?post=10541"},{"taxonomy":"product_tag","embeddable":true,"href":"https:\/\/naby.sk\/index.php\/wp-json\/wp\/v2\/product_tag?post=10541"}],"curies":[{"name":"wp","href":"https:\/\/api.w.org\/{rel}","templated":true}]}}